{"id":299,"date":"2025-12-01T11:54:48","date_gmt":"2025-12-01T16:54:48","guid":{"rendered":"https:\/\/juntos.paam.global\/?page_id=299"},"modified":"2025-12-01T14:23:36","modified_gmt":"2025-12-01T19:23:36","slug":"paam-copy-copy","status":"publish","type":"page","link":"https:\/\/juntos.paam.global\/en\/","title":{"rendered":"Paam &#8211; P\u00e1gina de Inicio Giving Tuesday 2025"},"content":{"rendered":"<h2>\n\t\t\u00a1Gracias por sostener la misi\u00f3n!\n\t<\/h2>\n\t\t\t<a href=\"#donar\" target=\"_self\">\n\t\t\t\t\t\t\tDonate Now\n\t\t\t\t\t<\/a>\n\t<p>Tu donaci\u00f3n contribuye al CUIDADO INTEGRAL de los misioneros<\/p>\n\t\t\t\t<img loading=\"lazy\" decoding=\"async\" src=\"https:\/\/juntos.paam.global\/wp-content\/uploads\/2025\/12\/pexels-eugenelisyuk-6512673-Segunda-reduccion-1024x745.jpg\" alt=\"pexels-eugenelisyuk-6512673-Segunda-reduccion\" itemprop=\"image\" height=\"745\" width=\"1024\" title=\"pexels-eugenelisyuk-6512673-Segunda-reduccion\" onerror=\"this.style.display='none'\"  \/>\n\t<p>Los equipos de PAAM Global trabajan para acompa\u00f1ar a quienes sirven en el campo, canalizando adem\u00e1s los fondos necesarios de manera segura, confiable e \u00edntegra.<\/p>\n\t<p>El servicio misionero en campo puede involucrar enfrentar crisis pol\u00edticas, diagn\u00f3sticos de salud inesperados, vulnerabilidad ante situaciones de robo e inseguridad, agotamiento emocional, luchas espirituales, lo cual puede ralentizar la proclamaci\u00f3n del Evangelio.<\/p>\n<p><strong>En PAAM Global trabajamos para que LA MISI\u00d3N de llevar el Evangelio a los grupos menos alcanzados CONTINUE AVANZANDO.<\/strong><\/p>\n<p>Cuando un misionero enfrenta retos, necesita de nuestras oraciones y acompa\u00f1amiento. Ante situaciones desafiantes, PAAM coordina un equipo de expertos en distintas \u00e1reas, garantizando un cuidado que es verdaderamente integral.<\/p>\n\t<p><strong>Luego de una crisis de seguridad con un obrero de campo, su pastor expres\u00f3<\/strong>: <em>&#8220;Doy gracias a Dios por PAAM, porque como iglesia no hubi\u00e9ramos podido ayudar a nuestro misionero de la manera que ellos lo hicieron&#8221;.<\/em><\/p>\n\t<p>Tu apoyo hace tangible el amor de Dios hacia los que sirven y a quienes reciben el Evangelio, haciendo posible ver vidas y comunidades transformadas por el poder de Cristo.<\/p>\n\t\t\t\t<img loading=\"lazy\" decoding=\"async\" src=\"https:\/\/juntos.paam.global\/wp-content\/uploads\/2025\/12\/logo-paam-giving-tuesdy-2025.png\" alt=\"logo-paam-giving-tuesdy-2025\" itemprop=\"image\" height=\"1135\" width=\"2536\" title=\"logo-paam-giving-tuesdy-2025\" onerror=\"this.style.display='none'\"  \/>\n\tEn este #GivingTuesday, te invitamos a ser ese socio esencial que respalda la misi\u00f3n.\n<h2>\n\t\tLet your generosity<br \/> transform lives!\n\t<\/h2>\n<h4>\n\t\tEste 2 de diciembre de 2025\n\t<\/h4>\n\t<p>\u00a1Cada aporte cuenta!<\/p>\n\t\t\t\t<img decoding=\"async\" src=\"http:\/\/juntos.paam.global\/wp-content\/uploads\/2024\/11\/blanco-paam-logo-300x165.png\" alt=\"blanco paam logo\" itemprop=\"image\" title=\"blanco paam logo\" onerror=\"this.style.display='none'\"  \/>\n\t<p><img loading=\"lazy\" decoding=\"async\" src=\"https:\/\/juntos.paam.global\/wp-content\/uploads\/2025\/12\/Corazon-GivingTuesday-PaamGlobal-300x269.png\" alt=\"\" width=\"141\" height=\"126\" \/><\/p>\n<p><strong>\u00a1DONA HOY!<\/strong><\/p>\n\t\t\t<a href=\"https:\/\/juntos.paam.global\/en\/finalizar-compra\/?add-to-cart=83\" target=\"_self\">\n\t\t\t\t\t\t\t$10.00\n\t\t\t\t\t<\/a>\n\t\t\t<a href=\"https:\/\/juntos.paam.global\/en\/finalizar-compra\/?add-to-cart=84\" target=\"_self\">\n\t\t\t\t\t\t\t$25.00\n\t\t\t\t\t<\/a>\n\t\t\t<a href=\"https:\/\/juntos.paam.global\/en\/finalizar-compra\/?add-to-cart=85\" target=\"_self\">\n\t\t\t\t\t\t\t$50.00\n\t\t\t\t\t<\/a>\n\t\t\t<a href=\"https:\/\/juntos.paam.global\/en\/finalizar-compra\/?add-to-cart=86\" target=\"_self\">\n\t\t\t\t\t\t\t$100.00\n\t\t\t\t\t<\/a>\n\t\t\t<a href=\"https:\/\/juntos.paam.global\/en\/finalizar-compra\/?add-to-cart=87\" target=\"_self\">\n\t\t\t\t\t\t\t$250.00\n\t\t\t\t\t<\/a>\n\t<p><a href=\"https:\/\/www.paam.global\">www.paam.global<\/a><\/p>","protected":false},"excerpt":{"rendered":"<p>\u00a1Gracias por sostener la misi\u00f3n! Dona Ya Tu donaci\u00f3n contribuye al CUIDADO INTEGRAL de los misioneros Los equipos de PAAM [&hellip;]<\/p>","protected":false},"author":3,"featured_media":0,"parent":0,"menu_order":0,"comment_status":"closed","ping_status":"closed","template":"","meta":{"site-sidebar-layout":"no-sidebar","site-content-layout":"page-builder","ast-site-content-layout":"","site-content-style":"default","site-sidebar-style":"default","ast-global-header-display":"disabled","ast-banner-title-visibility":"","ast-main-header-display":"","ast-hfb-above-header-display":"","ast-hfb-below-header-display":"","ast-hfb-mobile-header-display":"","site-post-title":"disabled","ast-breadcrumbs-content":"","ast-featured-img":"disabled","footer-sml-layout":"","theme-transparent-header-meta":"","adv-header-id-meta":"","stick-header-meta":"","header-above-stick-meta":"","header-main-stick-meta":"","header-below-stick-meta":"","astra-migrate-meta-layouts":"default","ast-page-background-enabled":"default","ast-page-background-meta":{"desktop":{"background-color":"var(--ast-global-color-4)","background-image":"","background-repeat":"repeat","background-position":"center center","background-size":"auto","background-attachment":"scroll","background-type":"","background-media":"","overlay-type":"","overlay-color":"","overlay-opacity":"","overlay-gradient":""},"tablet":{"background-color":"","background-image":"","background-repeat":"repeat","background-position":"center center","background-size":"auto","background-attachment":"scroll","background-type":"","background-media":"","overlay-type":"","overlay-color":"","overlay-opacity":"","overlay-gradient":""},"mobile":{"background-color":"","background-image":"","background-repeat":"repeat","background-position":"center center","background-size":"auto","background-attachment":"scroll","background-type":"","background-media":"","overlay-type":"","overlay-color":"","overlay-opacity":"","overlay-gradient":""}},"ast-content-background-meta":{"desktop":{"background-color":"var(--ast-global-color-5)","background-image":"","background-repeat":"repeat","background-position":"center center","background-size":"auto","background-attachment":"scroll","background-type":"","background-media":"","overlay-type":"","overlay-color":"","overlay-opacity":"","overlay-gradient":""},"tablet":{"background-color":"var(--ast-global-color-5)","background-image":"","background-repeat":"repeat","background-position":"center center","background-size":"auto","background-attachment":"scroll","background-type":"","background-media":"","overlay-type":"","overlay-color":"","overlay-opacity":"","overlay-gradient":""},"mobile":{"background-color":"var(--ast-global-color-5)","background-image":"","background-repeat":"repeat","background-position":"center center","background-size":"auto","background-attachment":"scroll","background-type":"","background-media":"","overlay-type":"","overlay-color":"","overlay-opacity":"","overlay-gradient":""}},"footnotes":""},"class_list":["post-299","page","type-page","status-publish","hentry"],"yoast_head":"<!-- This site is optimized with the Yoast SEO plugin v23.9 - https:\/\/yoast.com\/wordpress\/plugins\/seo\/ -->\n<title>Paam - P\u00e1gina de Inicio Giving Tuesday 2025 - Paam<\/title>\n<meta name=\"robots\" content=\"noindex, follow, max-snippet:-1, max-image-preview:large, max-video-preview:-1\" \/>\n<meta property=\"og:locale\" content=\"en_US\" \/>\n<meta property=\"og:type\" content=\"article\" \/>\n<meta property=\"og:title\" content=\"Paam - P\u00e1gina de Inicio Giving Tuesday 2025 - Paam\" \/>\n<meta property=\"og:description\" content=\"\u00a1Gracias por sostener la misi\u00f3n! Dona Ya Tu donaci\u00f3n contribuye al CUIDADO INTEGRAL de los misioneros Los equipos de PAAM [&hellip;]\" \/>\n<meta property=\"og:url\" content=\"https:\/\/juntos.paam.global\/en\/\" \/>\n<meta property=\"og:site_name\" content=\"Paam\" \/>\n<meta property=\"article:publisher\" content=\"https:\/\/www.facebook.com\/misioneros.Paam\/\" \/>\n<meta property=\"article:modified_time\" content=\"2025-12-01T19:23:36+00:00\" \/>\n<meta property=\"og:image\" content=\"https:\/\/juntos.paam.global\/wp-content\/uploads\/2025\/12\/pexels-eugenelisyuk-6512673-Segunda-reduccion-1024x745.jpg\" \/>\n<meta name=\"twitter:card\" content=\"summary_large_image\" \/>\n<meta name=\"twitter:label1\" content=\"Est. reading time\" \/>\n\t<meta name=\"twitter:data1\" content=\"3 minutes\" \/>\n<script type=\"application\/ld+json\" class=\"yoast-schema-graph\">{\"@context\":\"https:\/\/schema.org\",\"@graph\":[{\"@type\":\"WebPage\",\"@id\":\"https:\/\/juntos.paam.global\/\",\"url\":\"https:\/\/juntos.paam.global\/\",\"name\":\"Paam - P\u00e1gina de Inicio Giving Tuesday 2025 - Paam\",\"isPartOf\":{\"@id\":\"https:\/\/juntos.paam.global\/#website\"},\"primaryImageOfPage\":{\"@id\":\"https:\/\/juntos.paam.global\/#primaryimage\"},\"image\":{\"@id\":\"https:\/\/juntos.paam.global\/#primaryimage\"},\"thumbnailUrl\":\"https:\/\/juntos.paam.global\/wp-content\/uploads\/2025\/12\/pexels-eugenelisyuk-6512673-Segunda-reduccion-1024x745.jpg\",\"datePublished\":\"2025-12-01T16:54:48+00:00\",\"dateModified\":\"2025-12-01T19:23:36+00:00\",\"breadcrumb\":{\"@id\":\"https:\/\/juntos.paam.global\/#breadcrumb\"},\"inLanguage\":\"en-US\",\"potentialAction\":[{\"@type\":\"ReadAction\",\"target\":[\"https:\/\/juntos.paam.global\/\"]}]},{\"@type\":\"ImageObject\",\"inLanguage\":\"en-US\",\"@id\":\"https:\/\/juntos.paam.global\/#primaryimage\",\"url\":\"https:\/\/juntos.paam.global\/wp-content\/uploads\/2025\/12\/pexels-eugenelisyuk-6512673-Segunda-reduccion-1024x745.jpg\",\"contentUrl\":\"https:\/\/juntos.paam.global\/wp-content\/uploads\/2025\/12\/pexels-eugenelisyuk-6512673-Segunda-reduccion-1024x745.jpg\"},{\"@type\":\"BreadcrumbList\",\"@id\":\"https:\/\/juntos.paam.global\/#breadcrumb\",\"itemListElement\":[{\"@type\":\"ListItem\",\"position\":1,\"name\":\"Portada\",\"item\":\"https:\/\/juntos.paam.global\/\"},{\"@type\":\"ListItem\",\"position\":2,\"name\":\"Paam &#8211; P\u00e1gina de Inicio Giving Tuesday 2025\"}]},{\"@type\":\"WebSite\",\"@id\":\"https:\/\/juntos.paam.global\/#website\",\"url\":\"https:\/\/juntos.paam.global\/\",\"name\":\"Paam\",\"description\":\"Juntos por Paam\",\"publisher\":{\"@id\":\"https:\/\/juntos.paam.global\/#organization\"},\"potentialAction\":[{\"@type\":\"SearchAction\",\"target\":{\"@type\":\"EntryPoint\",\"urlTemplate\":\"https:\/\/juntos.paam.global\/?s={search_term_string}\"},\"query-input\":{\"@type\":\"PropertyValueSpecification\",\"valueRequired\":true,\"valueName\":\"search_term_string\"}}],\"inLanguage\":\"en-US\"},{\"@type\":\"Organization\",\"@id\":\"https:\/\/juntos.paam.global\/#organization\",\"name\":\"Paam\",\"url\":\"https:\/\/juntos.paam.global\/\",\"logo\":{\"@type\":\"ImageObject\",\"inLanguage\":\"en-US\",\"@id\":\"https:\/\/juntos.paam.global\/#\/schema\/logo\/image\/\",\"url\":\"https:\/\/juntos.paam.global\/wp-content\/uploads\/2024\/11\/paam.png\",\"contentUrl\":\"https:\/\/juntos.paam.global\/wp-content\/uploads\/2024\/11\/paam.png\",\"width\":334,\"height\":188,\"caption\":\"Paam\"},\"image\":{\"@id\":\"https:\/\/juntos.paam.global\/#\/schema\/logo\/image\/\"},\"sameAs\":[\"https:\/\/www.facebook.com\/misioneros.Paam\/\",\"https:\/\/www.instagram.com\/paam.global\/\",\"https:\/\/www.youtube.com\/@Paamglobal\"]}]}<\/script>\n<!-- \/ Yoast SEO plugin. -->","yoast_head_json":{"title":"Paam - P\u00e1gina de Inicio Giving Tuesday 2025 - Paam","robots":{"index":"noindex","follow":"follow","max-snippet":"max-snippet:-1","max-image-preview":"max-image-preview:large","max-video-preview":"max-video-preview:-1"},"og_locale":"en_US","og_type":"article","og_title":"Paam - P\u00e1gina de Inicio Giving Tuesday 2025 - Paam","og_description":"\u00a1Gracias por sostener la misi\u00f3n! Dona Ya Tu donaci\u00f3n contribuye al CUIDADO INTEGRAL de los misioneros Los equipos de PAAM [&hellip;]","og_url":"https:\/\/juntos.paam.global\/en\/","og_site_name":"Paam","article_publisher":"https:\/\/www.facebook.com\/misioneros.Paam\/","article_modified_time":"2025-12-01T19:23:36+00:00","og_image":[{"url":"https:\/\/juntos.paam.global\/wp-content\/uploads\/2025\/12\/pexels-eugenelisyuk-6512673-Segunda-reduccion-1024x745.jpg"}],"twitter_card":"summary_large_image","twitter_misc":{"Est. reading time":"3 minutes"},"schema":{"@context":"https:\/\/schema.org","@graph":[{"@type":"WebPage","@id":"https:\/\/juntos.paam.global\/","url":"https:\/\/juntos.paam.global\/","name":"Paam - P\u00e1gina de Inicio Giving Tuesday 2025 - Paam","isPartOf":{"@id":"https:\/\/juntos.paam.global\/#website"},"primaryImageOfPage":{"@id":"https:\/\/juntos.paam.global\/#primaryimage"},"image":{"@id":"https:\/\/juntos.paam.global\/#primaryimage"},"thumbnailUrl":"https:\/\/juntos.paam.global\/wp-content\/uploads\/2025\/12\/pexels-eugenelisyuk-6512673-Segunda-reduccion-1024x745.jpg","datePublished":"2025-12-01T16:54:48+00:00","dateModified":"2025-12-01T19:23:36+00:00","breadcrumb":{"@id":"https:\/\/juntos.paam.global\/#breadcrumb"},"inLanguage":"en-US","potentialAction":[{"@type":"ReadAction","target":["https:\/\/juntos.paam.global\/"]}]},{"@type":"ImageObject","inLanguage":"en-US","@id":"https:\/\/juntos.paam.global\/#primaryimage","url":"https:\/\/juntos.paam.global\/wp-content\/uploads\/2025\/12\/pexels-eugenelisyuk-6512673-Segunda-reduccion-1024x745.jpg","contentUrl":"https:\/\/juntos.paam.global\/wp-content\/uploads\/2025\/12\/pexels-eugenelisyuk-6512673-Segunda-reduccion-1024x745.jpg"},{"@type":"BreadcrumbList","@id":"https:\/\/juntos.paam.global\/#breadcrumb","itemListElement":[{"@type":"ListItem","position":1,"name":"Portada","item":"https:\/\/juntos.paam.global\/"},{"@type":"ListItem","position":2,"name":"Paam &#8211; P\u00e1gina de Inicio Giving Tuesday 2025"}]},{"@type":"WebSite","@id":"https:\/\/juntos.paam.global\/#website","url":"https:\/\/juntos.paam.global\/","name":"Paam","description":"Juntos por Paam","publisher":{"@id":"https:\/\/juntos.paam.global\/#organization"},"potentialAction":[{"@type":"SearchAction","target":{"@type":"EntryPoint","urlTemplate":"https:\/\/juntos.paam.global\/?s={search_term_string}"},"query-input":{"@type":"PropertyValueSpecification","valueRequired":true,"valueName":"search_term_string"}}],"inLanguage":"en-US"},{"@type":"Organization","@id":"https:\/\/juntos.paam.global\/#organization","name":"Paam","url":"https:\/\/juntos.paam.global\/","logo":{"@type":"ImageObject","inLanguage":"en-US","@id":"https:\/\/juntos.paam.global\/#\/schema\/logo\/image\/","url":"https:\/\/juntos.paam.global\/wp-content\/uploads\/2024\/11\/paam.png","contentUrl":"https:\/\/juntos.paam.global\/wp-content\/uploads\/2024\/11\/paam.png","width":334,"height":188,"caption":"Paam"},"image":{"@id":"https:\/\/juntos.paam.global\/#\/schema\/logo\/image\/"},"sameAs":["https:\/\/www.facebook.com\/misioneros.Paam\/","https:\/\/www.instagram.com\/paam.global\/","https:\/\/www.youtube.com\/@Paamglobal"]}]}},"_links":{"self":[{"href":"https:\/\/juntos.paam.global\/en\/wp-json\/wp\/v2\/pages\/299","targetHints":{"allow":["GET"]}}],"collection":[{"href":"https:\/\/juntos.paam.global\/en\/wp-json\/wp\/v2\/pages"}],"about":[{"href":"https:\/\/juntos.paam.global\/en\/wp-json\/wp\/v2\/types\/page"}],"author":[{"embeddable":true,"href":"https:\/\/juntos.paam.global\/en\/wp-json\/wp\/v2\/users\/3"}],"replies":[{"embeddable":true,"href":"https:\/\/juntos.paam.global\/en\/wp-json\/wp\/v2\/comments?post=299"}],"version-history":[{"count":10,"href":"https:\/\/juntos.paam.global\/en\/wp-json\/wp\/v2\/pages\/299\/revisions"}],"predecessor-version":[{"id":320,"href":"https:\/\/juntos.paam.global\/en\/wp-json\/wp\/v2\/pages\/299\/revisions\/320"}],"wp:attachment":[{"href":"https:\/\/juntos.paam.global\/en\/wp-json\/wp\/v2\/media?parent=299"}],"curies":[{"name":"wp","href":"https:\/\/api.w.org\/{rel}","templated":true}]}}